{"id":8434,"date":"2025-01-14T16:26:48","date_gmt":"2025-01-14T15:26:48","guid":{"rendered":"https:\/\/goldmez.com\/?page_id=8434"},"modified":"2025-01-14T16:35:40","modified_gmt":"2025-01-14T15:35:40","slug":"distribuidor-en-espera","status":"publish","type":"page","link":"https:\/\/goldmez.com\/index.php\/distribuidor-en-espera\/","title":{"rendered":"Distribuidor en espera"},"content":{"rendered":"<style>.elementor-8434 .elementor-element.elementor-element-7f395760{--display:flex;--flex-direction:row;--container-widget-width:initial;--container-widget-height:100%;--container-widget-flex-grow:1;--container-widget-align-self:stretch;--flex-wrap-mobile:wrap;--overflow:hidden;--overlay-opacity:0.1;--margin-top:-180px;--margin-bottom:0px;--margin-left:0px;--margin-right:0px;--padding-top:0px;--padding-bottom:50px;--padding-left:30px;--padding-right:30px;}.elementor-8434 .elementor-element.elementor-element-7f395760:not(.elementor-motion-effects-element-type-background), .elementor-8434 .elementor-element.elementor-element-7f395760 > .elementor-motion-effects-container > .elementor-motion-effects-layer{background-color:var( --e-global-color-secondary );}.elementor-8434 .elementor-element.elementor-element-7f395760::before, .elementor-8434 .elementor-element.elementor-element-7f395760 > .elementor-background-video-container::before, .elementor-8434 .elementor-element.elementor-element-7f395760 > .e-con-inner > .elementor-background-video-container::before, .elementor-8434 .elementor-element.elementor-element-7f395760 > .elementor-background-slideshow::before, .elementor-8434 .elementor-element.elementor-element-7f395760 > .e-con-inner > .elementor-background-slideshow::before, .elementor-8434 .elementor-element.elementor-element-7f395760 > .elementor-motion-effects-container > .elementor-motion-effects-layer::before{--background-overlay:'';background-color:var( --e-global-color-secondary );background-image:url(\"https:\/\/goldmez.com\/wp-content\/uploads\/2024\/11\/beans2-90.png\");background-position:center center;background-repeat:no-repeat;background-size:cover;}.elementor-8434 .elementor-element.elementor-element-452e8211{--display:flex;--gap:30px 30px;--row-gap:30px;--column-gap:30px;--margin-top:190px;--margin-bottom:110px;--margin-left:0px;--margin-right:0px;--padding-top:0px;--padding-bottom:0px;--padding-left:0px;--padding-right:0px;}.elementor-8434 .elementor-element.elementor-element-54207df8{--display:flex;--flex-direction:row;--container-widget-width:calc( ( 1 - var( --container-widget-flex-grow ) ) * 100% );--container-widget-height:100%;--container-widget-flex-grow:1;--container-widget-align-self:stretch;--flex-wrap-mobile:wrap;--justify-content:center;--align-items:center;--margin-top:0px;--margin-bottom:0px;--margin-left:0px;--margin-right:0px;--padding-top:0px;--padding-bottom:0px;--padding-left:0px;--padding-right:0px;--z-index:9;}.elementor-8434 .elementor-element.elementor-element-54207df8.e-con{--align-self:center;}.elementor-8434 .elementor-element.elementor-element-2bb54fbb{text-align:center;}.elementor-8434 .elementor-element.elementor-element-2bb54fbb img{border-style:none;border-radius:0px 0px 0px 0px;}.elementor-8434 .elementor-element.elementor-element-2bb54fbb > .elementor-widget-container{margin:0px 0px 0px 0px;padding:0px 0px 0px 0px;--e-transform-rotateZ:-11deg;}.elementor-8434 .elementor-element.elementor-element-2bb54fbb.elementor-element{--align-self:center;}.elementor-8434 .elementor-element.elementor-element-503743b{--display:flex;--justify-content:center;--align-items:center;--container-widget-width:calc( ( 1 - var( --container-widget-flex-grow ) ) * 100% );--gap:30px 30px;--row-gap:30px;--column-gap:30px;border-style:solid;--border-style:solid;border-width:0px 3px 3px 1px;--border-top-width:0px;--border-right-width:3px;--border-bottom-width:3px;--border-left-width:1px;border-color:var( --e-global-color-854c1a1 );--border-color:var( --e-global-color-854c1a1 );--border-radius:0px 0px 50px 50px;box-shadow:4px 4px 0px 1px rgba(19.000000000000014, 56.99999999999998, 85.00000000000003, 0.57);--margin-top:-0px;--margin-bottom:0px;--margin-left:0px;--margin-right:0px;--padding-top:135px;--padding-bottom:50px;--padding-left:50px;--padding-right:50px;}.elementor-8434 .elementor-element.elementor-element-503743b:not(.elementor-motion-effects-element-type-background), .elementor-8434 .elementor-element.elementor-element-503743b > .elementor-motion-effects-container > .elementor-motion-effects-layer{background-color:var( --e-global-color-903f3e6 );}.elementor-8434 .elementor-element.elementor-element-503743b > .elementor-shape-top .elementor-shape-fill, .elementor-8434 .elementor-element.elementor-element-503743b > .e-con-inner > .elementor-shape-top .elementor-shape-fill{fill:var( --e-global-color-accent );}.elementor-8434 .elementor-element.elementor-element-503743b > .elementor-shape-top svg, .elementor-8434 .elementor-element.elementor-element-503743b > .e-con-inner > .elementor-shape-top svg{width:calc(100% + 1.3px);height:105px;}.elementor-8434 .elementor-element.elementor-element-503743b.e-con{--align-self:center;}.elementor-8434 .elementor-element.elementor-element-398d3bb4{text-align:center;}.elementor-8434 .elementor-element.elementor-element-398d3bb4.ob-harakiri{writing-mode:inherit;}.elementor-8434 .elementor-element.elementor-element-398d3bb4.ob-harakiri .elementor-heading-title{writing-mode:inherit;}.elementor-8434 .elementor-element.elementor-element-398d3bb4.ob-harakiri div{writing-mode:inherit;}.elementor-8434 .elementor-element.elementor-element-398d3bb4.ob-harakiri > div, .elementor-8434 .elementor-element.elementor-element-398d3bb4.ob-harakiri > h1, .elementor-8434 .elementor-element.elementor-element-398d3bb4.ob-harakiri > h2, .elementor-8434 .elementor-element.elementor-element-398d3bb4.ob-harakiri > h3, .elementor-8434 .elementor-element.elementor-element-398d3bb4.ob-harakiri > h4, .elementor-8434 .elementor-element.elementor-element-398d3bb4.ob-harakiri > h5, .elementor-8434 .elementor-element.elementor-element-398d3bb4.ob-harakiri > h6, .elementor-8434 .elementor-element.elementor-element-398d3bb4.ob-harakiri > p{transform:rotate(0deg);}.elementor-8434 .elementor-element.elementor-element-398d3bb4 > div{text-indent:0px;mix-blend-mode:inherit;}.elementor-8434 .elementor-element.elementor-element-398d3bb4 > .elementor-widget-container{margin:0px 0px 0px 0px;padding:0px 0px 0px 0px;}.elementor-8434 .elementor-element.elementor-element-398d3bb4.elementor-element{--align-self:center;}.elementor-8434 .elementor-element.elementor-element-460a3f1c{text-align:center;font-family:var( --e-global-typography-text-font-family ), Sans-serif;font-size:var( --e-global-typography-text-font-size );font-weight:var( --e-global-typography-text-font-weight );line-height:var( --e-global-typography-text-line-height );color:var( --e-global-color-8bdb852 );}.elementor-8434 .elementor-element.elementor-element-460a3f1c.ob-harakiri{writing-mode:inherit;}.elementor-8434 .elementor-element.elementor-element-460a3f1c.ob-harakiri .elementor-heading-title{writing-mode:inherit;}.elementor-8434 .elementor-element.elementor-element-460a3f1c.ob-harakiri div{writing-mode:inherit;}.elementor-8434 .elementor-element.elementor-element-460a3f1c.ob-harakiri > div, .elementor-8434 .elementor-element.elementor-element-460a3f1c.ob-harakiri > h1, .elementor-8434 .elementor-element.elementor-element-460a3f1c.ob-harakiri > h2, .elementor-8434 .elementor-element.elementor-element-460a3f1c.ob-harakiri > h3, .elementor-8434 .elementor-element.elementor-element-460a3f1c.ob-harakiri > h4, .elementor-8434 .elementor-element.elementor-element-460a3f1c.ob-harakiri > h5, .elementor-8434 .elementor-element.elementor-element-460a3f1c.ob-harakiri > h6, .elementor-8434 .elementor-element.elementor-element-460a3f1c.ob-harakiri > p{transform:rotate(0deg);}.elementor-8434 .elementor-element.elementor-element-460a3f1c > div{text-indent:0px;mix-blend-mode:inherit;}.elementor-8434 .elementor-element.elementor-element-460a3f1c > .elementor-widget-container{margin:0px 0px 0px 0px;padding:0px 0px 0px 0px;}.elementor-8434 .elementor-element.elementor-element-460a3f1c.elementor-element{--align-self:center;}.elementor-8434 .elementor-element.elementor-element-7c329d05 .elementor-button-content-wrapper{flex-direction:row-reverse;}.elementor-8434 .elementor-element.elementor-element-7c329d05 .elementor-button .elementor-button-content-wrapper{gap:12px;}.elementor-8434 .elementor-element.elementor-element-7c329d05 .elementor-button{font-family:var( --e-global-typography-text-font-family ), Sans-serif;font-size:var( --e-global-typography-text-font-size );font-weight:var( --e-global-typography-text-font-weight );line-height:var( --e-global-typography-text-line-height );border-style:solid;border-width:3px 3px 3px 3px;border-radius:50px 50px 50px 50px;}.elementor-8434 .elementor-element.elementor-element-7c329d05 > .elementor-widget-container{margin:0px 0px 0px 0px;padding:0px 0px 0px 0px;}.elementor-8434 .elementor-element.elementor-element-7c329d05.elementor-element{--align-self:center;}html, body{overflow-x:auto;}@media(min-width:768px){.elementor-8434 .elementor-element.elementor-element-503743b{--width:70%;}}@media(max-width:1024px){.elementor-8434 .elementor-element.elementor-element-54207df8{--gap:0px 0px;--row-gap:0px;--column-gap:0px;}.elementor-8434 .elementor-element.elementor-element-2bb54fbb img{width:88%;border-radius:150px 150px 150px 150px;}.elementor-8434 .elementor-element.elementor-element-2bb54fbb > .elementor-widget-container{margin:0px 0px 0px 0px;padding:0px 0px 0px 0px;}.elementor-8434 .elementor-element.elementor-element-503743b{--margin-top:-140px;--margin-bottom:0px;--margin-left:0px;--margin-right:0px;--padding-top:135px;--padding-bottom:25px;--padding-left:20px;--padding-right:20px;}.elementor-8434 .elementor-element.elementor-element-460a3f1c{font-size:var( --e-global-typography-text-font-size );line-height:var( --e-global-typography-text-line-height );}.elementor-8434 .elementor-element.elementor-element-7c329d05 .elementor-button{font-size:var( --e-global-typography-text-font-size );line-height:var( --e-global-typography-text-line-height );}}@media(max-width:767px){.elementor-8434 .elementor-element.elementor-element-7f395760{--margin-top:-180px;--margin-bottom:0px;--margin-left:0px;--margin-right:0px;--padding-top:0px;--padding-bottom:50px;--padding-left:20px;--padding-right:20px;}.elementor-8434 .elementor-element.elementor-element-452e8211{--flex-direction:column;--container-widget-width:100%;--container-widget-height:initial;--container-widget-flex-grow:0;--container-widget-align-self:initial;--flex-wrap-mobile:wrap;--margin-top:150px;--margin-bottom:50px;--margin-left:0px;--margin-right:0px;}.elementor-8434 .elementor-element.elementor-element-54207df8{--flex-direction:row;--container-widget-width:initial;--container-widget-height:100%;--container-widget-flex-grow:1;--container-widget-align-self:stretch;--flex-wrap-mobile:wrap;}.elementor-8434 .elementor-element.elementor-element-2bb54fbb img{width:98%;border-radius:150px 150px 150px 150px;}.elementor-8434 .elementor-element.elementor-element-2bb54fbb > .elementor-widget-container{margin:0px 0px 0px 0px;padding:0px 0px 0px 0px;}.elementor-8434 .elementor-element.elementor-element-2bb54fbb{width:var( --container-widget-width, 30% );max-width:30%;--container-widget-width:30%;--container-widget-flex-grow:0;}.elementor-8434 .elementor-element.elementor-element-503743b{--gap:10px 10px;--row-gap:10px;--column-gap:10px;--margin-top:-82px;--margin-bottom:0px;--margin-left:0px;--margin-right:0px;--padding-top:100px;--padding-bottom:25px;--padding-left:10px;--padding-right:10px;}.elementor-8434 .elementor-element.elementor-element-503743b > .elementor-shape-top svg, .elementor-8434 .elementor-element.elementor-element-503743b > .e-con-inner > .elementor-shape-top svg{height:85px;}.elementor-8434 .elementor-element.elementor-element-398d3bb4{text-align:center;}.elementor-8434 .elementor-element.elementor-element-460a3f1c{font-size:var( --e-global-typography-text-font-size );line-height:var( --e-global-typography-text-line-height );}.elementor-8434 .elementor-element.elementor-element-7c329d05 .elementor-button{font-size:var( --e-global-typography-text-font-size );line-height:var( --e-global-typography-text-line-height );}}<\/style>\t\t<div data-elementor-type=\"wp-page\" data-elementor-id=\"8434\" class=\"elementor elementor-8434\" data-elementor-post-type=\"page\">\n\t\t\t\t<div class=\"elementor-element elementor-element-7f395760 e-flex e-con-boxed e-con e-parent\" data-id=\"7f395760\" data-element_type=\"container\" data-e-type=\"container\" data-settings=\"{&quot;background_background&quot;:&quot;classic&quot;,&quot;_ob_use_container_extras&quot;:&quot;no&quot;,&quot;_ob_column_hoveranimator&quot;:&quot;no&quot;,&quot;_ob_glider_is_slider&quot;:&quot;no&quot;,&quot;_ob_column_has_pseudo&quot;:&quot;no&quot;}\">\n\t\t\t\t\t<div class=\"e-con-inner\">\n\t\t<div class=\"elementor-element elementor-element-452e8211 e-flex e-con-boxed e-con e-child\" data-id=\"452e8211\" data-element_type=\"container\" data-e-type=\"container\" data-settings=\"{&quot;_ob_use_container_extras&quot;:&quot;no&quot;,&quot;_ob_column_hoveranimator&quot;:&quot;no&quot;,&quot;_ob_glider_is_slider&quot;:&quot;no&quot;,&quot;_ob_column_has_pseudo&quot;:&quot;no&quot;}\">\n\t\t\t\t\t<div class=\"e-con-inner\">\n\t\t<div class=\"elementor-element elementor-element-54207df8 e-transform e-flex e-con-boxed e-con e-child\" data-id=\"54207df8\" data-element_type=\"container\" data-e-type=\"container\" data-settings=\"{&quot;_ob_use_container_extras&quot;:&quot;no&quot;,&quot;_ob_column_hoveranimator&quot;:&quot;no&quot;,&quot;_ob_glider_is_slider&quot;:&quot;no&quot;,&quot;_ob_column_has_pseudo&quot;:&quot;no&quot;,&quot;_transform_rotateZ_effect&quot;:{&quot;unit&quot;:&quot;px&quot;,&quot;size&quot;:&quot;&quot;,&quot;sizes&quot;:[]},&quot;_transform_rotateZ_effect_tablet&quot;:{&quot;unit&quot;:&quot;deg&quot;,&quot;size&quot;:&quot;&quot;,&quot;sizes&quot;:[]},&quot;_transform_rotateZ_effect_mobile&quot;:{&quot;unit&quot;:&quot;deg&quot;,&quot;size&quot;:&quot;&quot;,&quot;sizes&quot;:[]}}\">\n\t\t\t\t\t<div class=\"e-con-inner\">\n\t\t\t\t<div class=\"elementor-element elementor-element-2bb54fbb e-transform elementor-widget-mobile__width-initial elementor-invisible ob-has-background-overlay elementor-widget elementor-widget-image\" data-id=\"2bb54fbb\" data-element_type=\"widget\" data-e-type=\"widget\" data-settings=\"{&quot;_transform_rotateZ_effect&quot;:{&quot;unit&quot;:&quot;px&quot;,&quot;size&quot;:-11,&quot;sizes&quot;:[]},&quot;_animation&quot;:&quot;zoomIn&quot;,&quot;_ob_photomorph_use&quot;:&quot;no&quot;,&quot;_ob_perspektive_use&quot;:&quot;no&quot;,&quot;_transform_rotateZ_effect_tablet&quot;:{&quot;unit&quot;:&quot;deg&quot;,&quot;size&quot;:&quot;&quot;,&quot;sizes&quot;:[]},&quot;_transform_rotateZ_effect_mobile&quot;:{&quot;unit&quot;:&quot;deg&quot;,&quot;size&quot;:&quot;&quot;,&quot;sizes&quot;:[]},&quot;_ob_poopart_use&quot;:&quot;yes&quot;,&quot;_ob_shadough_use&quot;:&quot;no&quot;,&quot;_ob_allow_hoveranimator&quot;:&quot;no&quot;,&quot;_ob_widget_stalker_use&quot;:&quot;no&quot;}\" data-widget_type=\"image.default\">\n\t\t\t\t<div class=\"elementor-widget-container\">\n\t\t\t\t\t\t\t\t\t\t\t\t\t\t\t<img decoding=\"async\" src=\"https:\/\/goldmez.com\/wp-content\/uploads\/2024\/11\/Coffee-bean-res.png\" class=\"attachment-full size-full wp-image-8254\" alt=\"\" title=\"\">\t\t\t\t\t\t\t\t\t\t\t\t\t\t\t<\/div>\n\t\t\t\t<\/div>\n\t\t\t\t\t<\/div>\n\t\t\t\t<\/div>\n\t\t<div class=\"elementor-element elementor-element-503743b e-con-full e-flex e-con e-child\" data-id=\"503743b\" data-element_type=\"container\" data-e-type=\"container\" data-settings=\"{&quot;background_background&quot;:&quot;classic&quot;,&quot;shape_divider_top&quot;:&quot;curve&quot;,&quot;_ob_use_container_extras&quot;:&quot;no&quot;,&quot;_ob_column_hoveranimator&quot;:&quot;no&quot;,&quot;_ob_glider_is_slider&quot;:&quot;no&quot;,&quot;_ob_column_has_pseudo&quot;:&quot;no&quot;}\">\n\t\t\t\t<div class=\"elementor-shape elementor-shape-top\" aria-hidden=\"true\" data-negative=\"false\">\n\t\t\t<svg xmlns=\"http:\/\/www.w3.org\/2000\/svg\" viewBox=\"0 0 1000 100\" preserveAspectRatio=\"none\">\n    <path class=\"elementor-shape-fill\" d=\"M1000,4.3V0H0v4.3C0.9,23.1,126.7,99.2,500,100S1000,22.7,1000,4.3z\"\/>\n<\/svg>\t\t<\/div>\n\t\t\t\t<div class=\"elementor-element elementor-element-398d3bb4 animated-slow ob-harakiri-inherit elementor-invisible ob-has-background-overlay elementor-widget elementor-widget-heading\" data-id=\"398d3bb4\" data-element_type=\"widget\" data-e-type=\"widget\" data-settings=\"{&quot;_animation&quot;:&quot;fadeIn&quot;,&quot;_animation_delay&quot;:4,&quot;_ob_use_harakiri&quot;:&quot;yes&quot;,&quot;_ob_harakiri_writing_mode&quot;:&quot;inherit&quot;,&quot;_ob_harakiri_text_clip&quot;:&quot;none&quot;,&quot;_ob_perspektive_use&quot;:&quot;no&quot;,&quot;_ob_poopart_use&quot;:&quot;yes&quot;,&quot;_ob_shadough_use&quot;:&quot;no&quot;,&quot;_ob_allow_hoveranimator&quot;:&quot;no&quot;,&quot;_ob_widget_stalker_use&quot;:&quot;no&quot;}\" data-widget_type=\"heading.default\">\n\t\t\t\t<div class=\"elementor-widget-container\">\n\t\t\t\t\t<h3 class=\"elementor-heading-title elementor-size-default\">\u00a1Gracias por tu inter\u00e9s en convertirte en distribuidor de nuestros productos!<\/h3>\t\t\t\t<\/div>\n\t\t\t\t<\/div>\n\t\t\t\t<div class=\"elementor-element elementor-element-460a3f1c animated-slow ob-harakiri-inherit elementor-invisible ob-has-background-overlay elementor-widget elementor-widget-text-editor\" data-id=\"460a3f1c\" data-element_type=\"widget\" data-e-type=\"widget\" data-settings=\"{&quot;_animation&quot;:&quot;fadeIn&quot;,&quot;_animation_delay&quot;:2,&quot;_ob_use_harakiri&quot;:&quot;yes&quot;,&quot;_ob_harakiri_writing_mode&quot;:&quot;inherit&quot;,&quot;_ob_postman_use&quot;:&quot;no&quot;,&quot;_ob_perspektive_use&quot;:&quot;no&quot;,&quot;_ob_poopart_use&quot;:&quot;yes&quot;,&quot;_ob_shadough_use&quot;:&quot;no&quot;,&quot;_ob_allow_hoveranimator&quot;:&quot;no&quot;,&quot;_ob_widget_stalker_use&quot;:&quot;no&quot;}\" data-widget_type=\"text-editor.default\">\n\t\t\t\t<div class=\"elementor-widget-container\">\n\t\t\t\t\t\t\t\t\t<p>Hemos recibido tu solicitud y nuestro equipo encargado revisar\u00e1 la informaci\u00f3n proporcionada. Una vez que tu cuenta sea aprobada, recibir\u00e1s un correo electr\u00f3nico de confirmaci\u00f3n.<\/p><p>Agradecemos tu paciencia mientras procesamos tu solicitud. Si tienes alguna pregunta o necesitas m\u00e1s informaci\u00f3n, no dudes en contactarnos. \u00a1Estamos emocionados de trabajar\u00a0contigo!<\/p>\t\t\t\t\t\t\t\t<\/div>\n\t\t\t\t<\/div>\n\t\t\t\t<div class=\"elementor-element elementor-element-7c329d05 elementor-align-center animated-slow elementor-invisible ob-has-background-overlay elementor-widget elementor-widget-button\" data-id=\"7c329d05\" data-element_type=\"widget\" data-e-type=\"widget\" data-settings=\"{&quot;_animation&quot;:&quot;fadeIn&quot;,&quot;_animation_delay&quot;:2,&quot;_ob_butterbutton_use_it&quot;:&quot;no&quot;,&quot;_ob_perspektive_use&quot;:&quot;no&quot;,&quot;_ob_poopart_use&quot;:&quot;yes&quot;,&quot;_ob_shadough_use&quot;:&quot;no&quot;,&quot;_ob_allow_hoveranimator&quot;:&quot;no&quot;,&quot;_ob_widget_stalker_use&quot;:&quot;no&quot;}\" data-widget_type=\"button.default\">\n\t\t\t\t<div class=\"elementor-widget-container\">\n\t\t\t\t\t\t\t\t\t<div class=\"elementor-button-wrapper\">\n\t\t\t\t\t<a class=\"elementor-button elementor-button-link elementor-size-md\" href=\"https:\/\/goldmez.com\/index.php\/shop\/\">\n\t\t\t\t\t\t<span class=\"elementor-button-content-wrapper\">\n\t\t\t\t\t\t<span class=\"elementor-button-icon\">\n\t\t\t\t<i aria-hidden=\"true\" class=\"jki jki-arrow-right-circle-light\"><\/i>\t\t\t<\/span>\n\t\t\t\t\t\t\t\t\t<span class=\"elementor-button-text\">Conoce nuestros productos<\/span>\n\t\t\t\t\t<\/span>\n\t\t\t\t\t<\/a>\n\t\t\t\t<\/div>\n\t\t\t\t\t\t\t\t<\/div>\n\t\t\t\t<\/div>\n\t\t\t\t<\/div>\n\t\t\t\t\t<\/div>\n\t\t\t\t<\/div>\n\t\t\t\t\t<\/div>\n\t\t\t\t<\/div>\n\t\t\t\t<\/div>\n\t\t","protected":false},"excerpt":{"rendered":"<p>\u00a1Gracias por tu inter\u00e9s en convertirte en distribuidor de nuestros productos! Hemos recibido tu solicitud y nuestro equipo encargado revisar\u00e1 [&hellip;]<\/p>\n","protected":false},"author":2,"featured_media":0,"parent":0,"menu_order":0,"comment_status":"closed","ping_status":"closed","template":"","meta":{"give_campaign_id":0,"site-sidebar-layout":"no-sidebar","site-content-layout":"","ast-site-content-layout":"full-width-container","site-content-style":"default","site-sidebar-style":"default","ast-global-header-display":"","ast-banner-title-visibility":"","ast-main-header-display":"","ast-hfb-above-header-display":"","ast-hfb-below-header-display":"","ast-hfb-mobile-header-display":"","site-post-title":"disabled","ast-breadcrumbs-content":"","ast-featured-img":"disabled","footer-sml-layout":"","ast-disable-related-posts":"","theme-transparent-header-meta":"","adv-header-id-meta":"","stick-header-meta":"","header-above-stick-meta":"","header-main-stick-meta":"","header-below-stick-meta":"","astra-migrate-meta-layouts":"default","ast-page-background-enabled":"default","ast-page-background-meta":{"desktop":{"background-color":"var(--ast-global-color-4)","background-image":"","background-repeat":"repeat","background-position":"center center","background-size":"auto","background-attachment":"scroll","background-type":"","background-media":"","overlay-type":"","overlay-color":"","overlay-opacity":"","overlay-gradient":""},"tablet":{"background-color":"","background-image":"","background-repeat":"repeat","background-position":"center center","background-size":"auto","background-attachment":"scroll","background-type":"","background-media":"","overlay-type":"","overlay-color":"","overlay-opacity":"","overlay-gradient":""},"mobile":{"background-color":"","background-image":"","background-repeat":"repeat","background-position":"center center","background-size":"auto","background-attachment":"scroll","background-type":"","background-media":"","overlay-type":"","overlay-color":"","overlay-opacity":"","overlay-gradient":""}},"ast-content-background-meta":{"desktop":{"background-color":"var(--ast-global-color-5)","background-image":"","background-repeat":"repeat","background-position":"center center","background-size":"auto","background-attachment":"scroll","background-type":"","background-media":"","overlay-type":"","overlay-color":"","overlay-opacity":"","overlay-gradient":""},"tablet":{"background-color":"var(--ast-global-color-5)","background-image":"","background-repeat":"repeat","background-position":"center center","background-size":"auto","background-attachment":"scroll","background-type":"","background-media":"","overlay-type":"","overlay-color":"","overlay-opacity":"","overlay-gradient":""},"mobile":{"background-color":"var(--ast-global-color-5)","background-image":"","background-repeat":"repeat","background-position":"center center","background-size":"auto","background-attachment":"scroll","background-type":"","background-media":"","overlay-type":"","overlay-color":"","overlay-opacity":"","overlay-gradient":""}},"footnotes":""},"class_list":["post-8434","page","type-page","status-publish","hentry"],"campaignId":"","_links":{"self":[{"href":"https:\/\/goldmez.com\/index.php\/wp-json\/wp\/v2\/pages\/8434","targetHints":{"allow":["GET"]}}],"collection":[{"href":"https:\/\/goldmez.com\/index.php\/wp-json\/wp\/v2\/pages"}],"about":[{"href":"https:\/\/goldmez.com\/index.php\/wp-json\/wp\/v2\/types\/page"}],"author":[{"embeddable":true,"href":"https:\/\/goldmez.com\/index.php\/wp-json\/wp\/v2\/users\/2"}],"replies":[{"embeddable":true,"href":"https:\/\/goldmez.com\/index.php\/wp-json\/wp\/v2\/comments?post=8434"}],"version-history":[{"count":4,"href":"https:\/\/goldmez.com\/index.php\/wp-json\/wp\/v2\/pages\/8434\/revisions"}],"predecessor-version":[{"id":8442,"href":"https:\/\/goldmez.com\/index.php\/wp-json\/wp\/v2\/pages\/8434\/revisions\/8442"}],"wp:attachment":[{"href":"https:\/\/goldmez.com\/index.php\/wp-json\/wp\/v2\/media?parent=8434"}],"curies":[{"name":"wp","href":"https:\/\/api.w.org\/{rel}","templated":true}]}}