{"id":4364,"date":"2020-08-24T09:26:09","date_gmt":"2020-08-24T09:26:09","guid":{"rendered":"https:\/\/wengdo.bolvosites.com\/maindemo\/?page_id=4364"},"modified":"2024-07-30T04:04:50","modified_gmt":"2024-07-30T02:04:50","slug":"contact","status":"publish","type":"page","link":"https:\/\/goldmez.com\/index.php\/contact\/","title":{"rendered":"Contactanos"},"content":{"rendered":"<style>.elementor-4364 .elementor-element.elementor-element-138f974.ob-is-breaking-bad > .elementor-container{justify-content:flex-start !important;flex-direction:row;}.elementor-4364 .elementor-element.elementor-element-138f974.ob-is-breaking-bad.ob-bb-inner > .elementor-container{justify-content:flex-start !important;flex-direction:row;}.elementor-4364 .elementor-element.elementor-element-138f974.ob-is-breaking-bad.ob-is-glider > .elementor-container.swiper-vertical{flex-direction:column;}.elementor-4364 .elementor-element.elementor-element-138f974.ob-is-breaking-bad.ob-is-glider.ob-bb-inner > .elementor-container.swiper-vertical{flex-direction:column;}.elementor-4364 .elementor-element.elementor-element-138f974.ob-is-breaking-bad.ob-bb-inner{width:100%;flex:unset;align-self:inherit;}.elementor-4364 .elementor-element.elementor-element-138f974:not(.elementor-motion-effects-element-type-background), .elementor-4364 .elementor-element.elementor-element-138f974 > .elementor-motion-effects-container > .elementor-motion-effects-layer{background-image:url(\"https:\/\/goldmez.com\/wp-content\/uploads\/2024\/05\/Coffee-beans-sketch-illustrations-set-1536x1024.jpg\");}.elementor-4364 .elementor-element.elementor-element-138f974{transition:background 0.3s, border 0.3s, border-radius 0.3s, box-shadow 0.3s;padding:12em 0em 12em 0em;}.elementor-4364 .elementor-element.elementor-element-138f974 > .elementor-background-overlay{transition:background 0.3s, border-radius 0.3s, opacity 0.3s;}.elementor-4364 .elementor-element.elementor-element-92f4ff9.elementor-column{align-self:inherit;cursor:default;}.elementor-4364 .elementor-element.elementor-element-893489a.ob-is-breaking-bad > .elementor-container{justify-content:flex-start !important;flex-direction:row;}.elementor-4364 .elementor-element.elementor-element-893489a.ob-is-breaking-bad.ob-bb-inner > .elementor-container{justify-content:flex-start !important;flex-direction:row;}.elementor-4364 .elementor-element.elementor-element-893489a.ob-is-breaking-bad.ob-is-glider > .elementor-container.swiper-vertical{flex-direction:column;}.elementor-4364 .elementor-element.elementor-element-893489a.ob-is-breaking-bad.ob-is-glider.ob-bb-inner > .elementor-container.swiper-vertical{flex-direction:column;}.elementor-4364 .elementor-element.elementor-element-893489a.ob-is-breaking-bad.ob-bb-inner{width:100%;flex:unset;align-self:inherit;}.elementor-4364 .elementor-element.elementor-element-893489a:not(.elementor-motion-effects-element-type-background), .elementor-4364 .elementor-element.elementor-element-893489a > .elementor-motion-effects-container > .elementor-motion-effects-layer{background-image:url(\"https:\/\/goldmez.com\/wp-content\/uploads\/2020\/10\/10-2.jpg\");}.elementor-4364 .elementor-element.elementor-element-893489a{transition:background 0.3s, border 0.3s, border-radius 0.3s, box-shadow 0.3s;}.elementor-4364 .elementor-element.elementor-element-893489a > .elementor-background-overlay{transition:background 0.3s, border-radius 0.3s, opacity 0.3s;}.elementor-4364 .elementor-element.elementor-element-066a4f3.elementor-column{align-self:inherit;cursor:default;}.elementor-4364 .elementor-element.elementor-element-4ee7643.ob-is-breaking-bad > .elementor-container{justify-content:flex-start !important;flex-direction:row;}.elementor-4364 .elementor-element.elementor-element-4ee7643.ob-is-breaking-bad.ob-bb-inner > .elementor-container{justify-content:flex-start !important;flex-direction:row;}.elementor-4364 .elementor-element.elementor-element-4ee7643.ob-is-breaking-bad.ob-is-glider > .elementor-container.swiper-vertical{flex-direction:column;}.elementor-4364 .elementor-element.elementor-element-4ee7643.ob-is-breaking-bad.ob-is-glider.ob-bb-inner > .elementor-container.swiper-vertical{flex-direction:column;}.elementor-4364 .elementor-element.elementor-element-4ee7643.ob-is-breaking-bad.ob-bb-inner{width:100%;flex:unset;align-self:inherit;}.elementor-4364 .elementor-element.elementor-element-840b0b3.elementor-column{align-self:inherit;cursor:default;}.elementor-4364 .elementor-element.elementor-element-7ad42be.ob-harakiri{writing-mode:inherit;}.elementor-4364 .elementor-element.elementor-element-7ad42be.ob-harakiri .elementor-heading-title{writing-mode:inherit;}.elementor-4364 .elementor-element.elementor-element-7ad42be.ob-harakiri div{writing-mode:inherit;}.elementor-4364 .elementor-element.elementor-element-7ad42be.ob-harakiri > div, .elementor-4364 .elementor-element.elementor-element-7ad42be.ob-harakiri > h1, .elementor-4364 .elementor-element.elementor-element-7ad42be.ob-harakiri > h2, .elementor-4364 .elementor-element.elementor-element-7ad42be.ob-harakiri > h3, .elementor-4364 .elementor-element.elementor-element-7ad42be.ob-harakiri > h4, .elementor-4364 .elementor-element.elementor-element-7ad42be.ob-harakiri > h5, .elementor-4364 .elementor-element.elementor-element-7ad42be.ob-harakiri > h6, .elementor-4364 .elementor-element.elementor-element-7ad42be.ob-harakiri > p{transform:rotate(0deg);}.elementor-4364 .elementor-element.elementor-element-7ad42be > div{text-indent:0px;mix-blend-mode:inherit;}.elementor-bc-flex-widget .elementor-4364 .elementor-element.elementor-element-533d51b.elementor-column .elementor-widget-wrap{align-items:center;}.elementor-4364 .elementor-element.elementor-element-533d51b.elementor-column.elementor-element[data-element_type=\"column\"] > .elementor-widget-wrap.elementor-element-populated{align-content:center;align-items:center;}.elementor-4364 .elementor-element.elementor-element-533d51b.elementor-column{align-self:inherit;cursor:default;}.elementor-4364 .elementor-element.elementor-element-5f4fb23.ob-is-breaking-bad > .elementor-container{justify-content:flex-start !important;flex-direction:row;}.elementor-4364 .elementor-element.elementor-element-5f4fb23.ob-is-breaking-bad.ob-bb-inner > .elementor-container{justify-content:flex-start !important;flex-direction:row;}.elementor-4364 .elementor-element.elementor-element-5f4fb23.ob-is-breaking-bad.ob-is-glider > .elementor-container.swiper-vertical{flex-direction:column;}.elementor-4364 .elementor-element.elementor-element-5f4fb23.ob-is-breaking-bad.ob-is-glider.ob-bb-inner > .elementor-container.swiper-vertical{flex-direction:column;}.elementor-4364 .elementor-element.elementor-element-5f4fb23.ob-is-breaking-bad.ob-bb-inner{width:100%;flex:unset;align-self:inherit;}.elementor-4364 .elementor-element.elementor-element-5f4fb23{padding:0px 0px 0px 16px;}.elementor-4364 .elementor-element.elementor-element-d3dac13.elementor-column{align-self:inherit;cursor:default;}.elementor-4364 .elementor-element.elementor-element-d0493a8{text-align:center;}.elementor-4364 .elementor-element.elementor-element-d0493a8 .elementor-heading-title{font-family:\"Verdana\", Sans-serif;font-style:italic;}.elementor-4364 .elementor-element.elementor-element-d0493a8.ob-harakiri{writing-mode:inherit;}.elementor-4364 .elementor-element.elementor-element-d0493a8.ob-harakiri .elementor-heading-title{writing-mode:inherit;}.elementor-4364 .elementor-element.elementor-element-d0493a8.ob-harakiri div{writing-mode:inherit;}.elementor-4364 .elementor-element.elementor-element-d0493a8.ob-harakiri > div, .elementor-4364 .elementor-element.elementor-element-d0493a8.ob-harakiri > h1, .elementor-4364 .elementor-element.elementor-element-d0493a8.ob-harakiri > h2, .elementor-4364 .elementor-element.elementor-element-d0493a8.ob-harakiri > h3, .elementor-4364 .elementor-element.elementor-element-d0493a8.ob-harakiri > h4, .elementor-4364 .elementor-element.elementor-element-d0493a8.ob-harakiri > h5, .elementor-4364 .elementor-element.elementor-element-d0493a8.ob-harakiri > h6, .elementor-4364 .elementor-element.elementor-element-d0493a8.ob-harakiri > p{transform:rotate(0deg);}.elementor-4364 .elementor-element.elementor-element-d0493a8 > div{text-indent:0px;mix-blend-mode:inherit;}html, body{overflow-x:auto;}<\/style>\t\t<div data-elementor-type=\"wp-page\" data-elementor-id=\"4364\" class=\"elementor elementor-4364\" data-elementor-post-type=\"page\">\n\t\t\t\t\t\t<section class=\"ob-is-breaking-bad elementor-section elementor-top-section elementor-element elementor-element-138f974 elementor-section-stretched elementor-section-boxed elementor-section-height-default elementor-section-height-default\" data-id=\"138f974\" data-element_type=\"section\" data-e-type=\"section\" data-settings=\"{&quot;stretch_section&quot;:&quot;section-stretched&quot;,&quot;background_background&quot;:&quot;classic&quot;,&quot;_ob_bbad_use_it&quot;:&quot;yes&quot;,&quot;_ob_bbad_sssic_use&quot;:&quot;no&quot;,&quot;_ob_glider_is_slider&quot;:&quot;no&quot;}\">\n\t\t\t\t\t\t<div class=\"elementor-container elementor-column-gap-default\">\n\t\t\t\t\t<div class=\"elementor-column elementor-col-100 elementor-top-column elementor-element elementor-element-92f4ff9\" data-id=\"92f4ff9\" data-element_type=\"column\" data-e-type=\"column\" data-settings=\"{&quot;_ob_bbad_is_stalker&quot;:&quot;no&quot;,&quot;_ob_teleporter_use&quot;:false,&quot;_ob_column_hoveranimator&quot;:&quot;no&quot;,&quot;_ob_column_has_pseudo&quot;:&quot;no&quot;}\">\n\t\t\t<div class=\"elementor-widget-wrap\">\n\t\t\t\t\t\t\t<\/div>\n\t\t<\/div>\n\t\t\t\t\t<\/div>\n\t\t<\/section>\n\t\t\t\t<section class=\"ob-is-breaking-bad elementor-section elementor-top-section elementor-element elementor-element-893489a contact-page-section elementor-section-boxed elementor-section-height-default elementor-section-height-default\" data-id=\"893489a\" data-element_type=\"section\" data-e-type=\"section\" data-settings=\"{&quot;background_background&quot;:&quot;classic&quot;,&quot;_ob_bbad_use_it&quot;:&quot;yes&quot;,&quot;_ob_bbad_sssic_use&quot;:&quot;no&quot;,&quot;_ob_glider_is_slider&quot;:&quot;no&quot;}\">\n\t\t\t\t\t\t<div class=\"elementor-container elementor-column-gap-default\">\n\t\t\t\t\t<div class=\"elementor-column elementor-col-66 elementor-top-column elementor-element elementor-element-066a4f3 form-column\" data-id=\"066a4f3\" data-element_type=\"column\" data-e-type=\"column\" data-settings=\"{&quot;_ob_bbad_is_stalker&quot;:&quot;no&quot;,&quot;_ob_teleporter_use&quot;:false,&quot;_ob_column_hoveranimator&quot;:&quot;no&quot;,&quot;_ob_column_has_pseudo&quot;:&quot;no&quot;}\">\n\t\t\t<div class=\"elementor-widget-wrap elementor-element-populated\">\n\t\t\t\t\t\t<section class=\"ob-is-breaking-bad ob-bb-inner elementor-section elementor-inner-section elementor-element elementor-element-4ee7643 inner-column elementor-section-boxed elementor-section-height-default elementor-section-height-default\" data-id=\"4ee7643\" data-element_type=\"section\" data-e-type=\"section\" data-settings=\"{&quot;_ob_bbad_use_it&quot;:&quot;yes&quot;,&quot;_ob_bbad_sssic_use&quot;:&quot;no&quot;,&quot;_ob_glider_is_slider&quot;:&quot;no&quot;}\">\n\t\t\t\t\t\t<div class=\"elementor-container elementor-column-gap-default\">\n\t\t\t\t\t<div class=\"elementor-column elementor-col-100 elementor-inner-column elementor-element elementor-element-840b0b3\" data-id=\"840b0b3\" data-element_type=\"column\" data-e-type=\"column\" data-settings=\"{&quot;_ob_bbad_is_stalker&quot;:&quot;no&quot;,&quot;_ob_teleporter_use&quot;:false,&quot;_ob_column_hoveranimator&quot;:&quot;no&quot;,&quot;_ob_column_has_pseudo&quot;:&quot;no&quot;}\">\n\t\t\t<div class=\"elementor-widget-wrap elementor-element-populated\">\n\t\t\t\t\t\t<div class=\"elementor-element elementor-element-7ad42be ob-harakiri-inherit ob-has-background-overlay elementor-widget elementor-widget-text-editor\" data-id=\"7ad42be\" data-element_type=\"widget\" data-e-type=\"widget\" data-settings=\"{&quot;_ob_use_harakiri&quot;:&quot;yes&quot;,&quot;_ob_harakiri_writing_mode&quot;:&quot;inherit&quot;,&quot;_ob_postman_use&quot;:&quot;no&quot;,&quot;_ob_perspektive_use&quot;:&quot;no&quot;,&quot;_ob_poopart_use&quot;:&quot;yes&quot;,&quot;_ob_shadough_use&quot;:&quot;no&quot;,&quot;_ob_allow_hoveranimator&quot;:&quot;no&quot;,&quot;_ob_widget_stalker_use&quot;:&quot;no&quot;}\" data-widget_type=\"text-editor.default\">\n\t\t\t\t<div class=\"elementor-widget-container\">\n\t\t\t\t\t\t\t\t\t<div class=\"title-box\"><h3><span style=\"color: #000000;\">!Cont\u00e1ctanos!<\/span><\/h3><div class=\"text\"><span style=\"color: #000000;\">En <span style=\"color: #003b10;\"><strong>Goldmez<\/strong><\/span>, valoramos la conexi\u00f3n con cada miembro de nuestra familia extendida. Si tienes preguntas, comentarios, o simplemente quieres compartir tu experiencia con nuestro caf\u00e9, no dudes en ponerte en contacto con nosotros. Estamos aqu\u00ed para escucharte.<\/span><\/div><div class=\"text\">\u00a0<\/div><h5><span style=\"color: #000000;\">Puedes contactarnos de varias formas:<\/span><\/h5><div><span style=\"color: #000000;\"><span style=\"color: #000000;\"><span style=\"color: #bd5117;\"><strong>Correo Electr\u00f3nico<\/strong><\/span>: Para consultas generales, env\u00edanos un correo a <a href=\"mailto:wengdo@contact.co.in\"><span class=\"elementor-icon-list-text\">info@goldmez.com<\/span><\/a>.\u00a0Responderemos lo antes posible.<\/span><\/span><\/div><\/div><div>\u00a0<\/div><div><span style=\"color: #000000;\"><span style=\"color: #bd5117;\"><strong>Tel\u00e9fono<\/strong><\/span>: Si prefieres hablar directamente con nosotros, ll\u00e1manos al (+351) 965 683 544, o escribe al siguiente Whatsapp (+351)936 524 729.<\/span><\/div><div>\u00a0<\/div><div><p><span style=\"color: #000000;\"><span style=\"color: #000000;\"><span style=\"color: #bd5117;\"><strong>Redes<\/strong><\/span>: <\/span><\/span><span style=\"color: #000000; font-size: 16px;\">S\u00edguenos en nuestras redes sociales para estar al d\u00eda con las \u00faltimas noticias y ofertas de <span style=\"color: #003b10;\"><strong>Goldmez.<\/strong><\/span><\/span><\/p><ul><li>Facebook: <a href=\"https:\/\/www.facebook.com\/goldmezcoffee3\" target=\"_blank\" rel=\"noopener\">Goldmez Coffee<\/a><\/li><li>Instagram: <a href=\"https:\/\/www.instagram.com\/goldmezcoffee3\/\" target=\"_blank\" rel=\"noopener\">@goldmezcoffee3<\/a><\/li><li>Youtube: <a href=\"https:\/\/www.youtube.com\/@GOLDMEZCOFFEE\" target=\"_blank\" rel=\"noopener\">Goldmez Coffee Company S A S<\/a><\/li><\/ul><\/div><div><p><span style=\"color: #000000;\">\u00a1No dudes en ponerte en contacto con nosotros en cualquier momento! Tu satisfacci\u00f3n es nuestra prioridad n\u00famero uno, y estamos aqu\u00ed para hacer que tu experiencia con nuestro caf\u00e9 sea excepcional.<\/span><\/p><p><span style=\"color: #000000;\">\u00a1Gracias por ser parte de la familia <span style=\"color: #003b10;\"><strong>Goldmez.<\/strong><\/span> Esperamos saber de ti pronto!<\/span><\/p><\/div>\t\t\t\t\t\t\t\t<\/div>\n\t\t\t\t<\/div>\n\t\t\t\t\t<\/div>\n\t\t<\/div>\n\t\t\t\t\t<\/div>\n\t\t<\/section>\n\t\t\t\t\t<\/div>\n\t\t<\/div>\n\t\t\t\t<div class=\"elementor-column elementor-col-33 elementor-top-column elementor-element elementor-element-533d51b info-column\" data-id=\"533d51b\" data-element_type=\"column\" data-e-type=\"column\" data-settings=\"{&quot;_ob_bbad_is_stalker&quot;:&quot;no&quot;,&quot;_ob_teleporter_use&quot;:false,&quot;_ob_column_hoveranimator&quot;:&quot;no&quot;,&quot;_ob_column_has_pseudo&quot;:&quot;no&quot;}\">\n\t\t\t<div class=\"elementor-widget-wrap elementor-element-populated\">\n\t\t\t\t\t\t<section class=\"ob-is-breaking-bad ob-bb-inner elementor-section elementor-inner-section elementor-element elementor-element-5f4fb23 elementor-section-full_width inner-column elementor-section-height-default elementor-section-height-default\" data-id=\"5f4fb23\" data-element_type=\"section\" data-e-type=\"section\" data-settings=\"{&quot;_ob_bbad_use_it&quot;:&quot;yes&quot;,&quot;_ob_bbad_sssic_use&quot;:&quot;no&quot;,&quot;_ob_glider_is_slider&quot;:&quot;no&quot;}\">\n\t\t\t\t\t\t<div class=\"elementor-container elementor-column-gap-default\">\n\t\t\t\t\t<div class=\"elementor-column elementor-col-100 elementor-inner-column elementor-element elementor-element-d3dac13\" data-id=\"d3dac13\" data-element_type=\"column\" data-e-type=\"column\" data-settings=\"{&quot;_ob_bbad_is_stalker&quot;:&quot;no&quot;,&quot;_ob_teleporter_use&quot;:false,&quot;_ob_column_hoveranimator&quot;:&quot;no&quot;,&quot;_ob_column_has_pseudo&quot;:&quot;no&quot;}\">\n\t\t\t<div class=\"elementor-widget-wrap elementor-element-populated\">\n\t\t\t\t\t\t<div class=\"elementor-element elementor-element-3a456fc ob-has-background-overlay elementor-widget elementor-widget-image\" data-id=\"3a456fc\" data-element_type=\"widget\" data-e-type=\"widget\" data-settings=\"{&quot;_ob_photomorph_use&quot;:&quot;no&quot;,&quot;_ob_perspektive_use&quot;:&quot;no&quot;,&quot;_ob_poopart_use&quot;:&quot;yes&quot;,&quot;_ob_shadough_use&quot;:&quot;no&quot;,&quot;_ob_allow_hoveranimator&quot;:&quot;no&quot;,&quot;_ob_widget_stalker_use&quot;:&quot;no&quot;}\" data-widget_type=\"image.default\">\n\t\t\t\t<div class=\"elementor-widget-container\">\n\t\t\t\t\t\t\t\t\t\t\t\t\t\t\t<img fetchpriority=\"high\" decoding=\"async\" width=\"683\" height=\"1024\" src=\"https:\/\/goldmez.com\/wp-content\/uploads\/2024\/06\/women-cafe-683x1024.jpg\" class=\"attachment-large size-large wp-image-6950\" alt=\"\" srcset=\"https:\/\/goldmez.com\/wp-content\/uploads\/2024\/06\/women-cafe-683x1024.jpg 683w, https:\/\/goldmez.com\/wp-content\/uploads\/2024\/06\/women-cafe-200x300.jpg 200w, https:\/\/goldmez.com\/wp-content\/uploads\/2024\/06\/women-cafe-768x1152.jpg 768w, https:\/\/goldmez.com\/wp-content\/uploads\/2024\/06\/women-cafe-1024x1536.jpg 1024w, https:\/\/goldmez.com\/wp-content\/uploads\/2024\/06\/women-cafe-1365x2048.jpg 1365w, https:\/\/goldmez.com\/wp-content\/uploads\/2024\/06\/women-cafe-500x750.jpg 500w, https:\/\/goldmez.com\/wp-content\/uploads\/2024\/06\/women-cafe-scaled.jpg 1707w\" sizes=\"(max-width: 683px) 100vw, 683px\" title=\"\">\t\t\t\t\t\t\t\t\t\t\t\t\t\t\t<\/div>\n\t\t\t\t<\/div>\n\t\t\t\t\t<\/div>\n\t\t<\/div>\n\t\t\t\t\t<\/div>\n\t\t<\/section>\n\t\t\t\t<div class=\"elementor-element elementor-element-d0493a8 ob-harakiri-inherit ob-has-background-overlay elementor-widget elementor-widget-heading\" data-id=\"d0493a8\" data-element_type=\"widget\" data-e-type=\"widget\" data-settings=\"{&quot;_ob_use_harakiri&quot;:&quot;yes&quot;,&quot;_ob_harakiri_writing_mode&quot;:&quot;inherit&quot;,&quot;_ob_harakiri_text_clip&quot;:&quot;none&quot;,&quot;_ob_perspektive_use&quot;:&quot;no&quot;,&quot;_ob_poopart_use&quot;:&quot;yes&quot;,&quot;_ob_shadough_use&quot;:&quot;no&quot;,&quot;_ob_allow_hoveranimator&quot;:&quot;no&quot;,&quot;_ob_widget_stalker_use&quot;:&quot;no&quot;}\" data-widget_type=\"heading.default\">\n\t\t\t\t<div class=\"elementor-widget-container\">\n\t\t\t\t\t<h5 class=\"elementor-heading-title elementor-size-default\">\"Del Grano a Tu Hogar\"<\/h5>\t\t\t\t<\/div>\n\t\t\t\t<\/div>\n\t\t\t\t\t<\/div>\n\t\t<\/div>\n\t\t\t\t\t<\/div>\n\t\t<\/section>\n\t\t\t\t<\/div>\n\t\t","protected":false},"excerpt":{"rendered":"<p>!Cont\u00e1ctanos! En Goldmez, valoramos la conexi\u00f3n con cada miembro de nuestra familia extendida. Si tienes preguntas, comentarios, o simplemente quieres [&hellip;]<\/p>\n","protected":false},"author":1,"featured_media":0,"parent":0,"menu_order":0,"comment_status":"closed","ping_status":"closed","template":"elementor_header_footer","meta":{"give_campaign_id":0,"site-sidebar-layout":"default","site-content-layout":"","ast-site-content-layout":"default","site-content-style":"default","site-sidebar-style":"default","ast-global-header-display":"","ast-banner-title-visibility":"","ast-main-header-display":"","ast-hfb-above-header-display":"","ast-hfb-below-header-display":"","ast-hfb-mobile-header-display":"","site-post-title":"","ast-breadcrumbs-content":"","ast-featured-img":"","footer-sml-layout":"","ast-disable-related-posts":"","theme-transparent-header-meta":"","adv-header-id-meta":"","stick-header-meta":"","header-above-stick-meta":"","header-main-stick-meta":"","header-below-stick-meta":"","astra-migrate-meta-layouts":"default","ast-page-background-enabled":"default","ast-page-background-meta":{"desktop":{"background-color":"var(--ast-global-color-4)","background-image":"","background-repeat":"repeat","background-position":"center center","background-size":"auto","background-attachment":"scroll","background-type":"","background-media":"","overlay-type":"","overlay-color":"","overlay-opacity":"","overlay-gradient":""},"tablet":{"background-color":"","background-image":"","background-repeat":"repeat","background-position":"center center","background-size":"auto","background-attachment":"scroll","background-type":"","background-media":"","overlay-type":"","overlay-color":"","overlay-opacity":"","overlay-gradient":""},"mobile":{"background-color":"","background-image":"","background-repeat":"repeat","background-position":"center center","background-size":"auto","background-attachment":"scroll","background-type":"","background-media":"","overlay-type":"","overlay-color":"","overlay-opacity":"","overlay-gradient":""}},"ast-content-background-meta":{"desktop":{"background-color":"var(--ast-global-color-5)","background-image":"","background-repeat":"repeat","background-position":"center center","background-size":"auto","background-attachment":"scroll","background-type":"","background-media":"","overlay-type":"","overlay-color":"","overlay-opacity":"","overlay-gradient":""},"tablet":{"background-color":"var(--ast-global-color-5)","background-image":"","background-repeat":"repeat","background-position":"center center","background-size":"auto","background-attachment":"scroll","background-type":"","background-media":"","overlay-type":"","overlay-color":"","overlay-opacity":"","overlay-gradient":""},"mobile":{"background-color":"var(--ast-global-color-5)","background-image":"","background-repeat":"repeat","background-position":"center center","background-size":"auto","background-attachment":"scroll","background-type":"","background-media":"","overlay-type":"","overlay-color":"","overlay-opacity":"","overlay-gradient":""}},"footnotes":""},"class_list":["post-4364","page","type-page","status-publish","hentry"],"campaignId":"","_links":{"self":[{"href":"https:\/\/goldmez.com\/index.php\/wp-json\/wp\/v2\/pages\/4364","targetHints":{"allow":["GET"]}}],"collection":[{"href":"https:\/\/goldmez.com\/index.php\/wp-json\/wp\/v2\/pages"}],"about":[{"href":"https:\/\/goldmez.com\/index.php\/wp-json\/wp\/v2\/types\/page"}],"author":[{"embeddable":true,"href":"https:\/\/goldmez.com\/index.php\/wp-json\/wp\/v2\/users\/1"}],"replies":[{"embeddable":true,"href":"https:\/\/goldmez.com\/index.php\/wp-json\/wp\/v2\/comments?post=4364"}],"version-history":[{"count":3,"href":"https:\/\/goldmez.com\/index.php\/wp-json\/wp\/v2\/pages\/4364\/revisions"}],"predecessor-version":[{"id":7776,"href":"https:\/\/goldmez.com\/index.php\/wp-json\/wp\/v2\/pages\/4364\/revisions\/7776"}],"wp:attachment":[{"href":"https:\/\/goldmez.com\/index.php\/wp-json\/wp\/v2\/media?parent=4364"}],"curies":[{"name":"wp","href":"https:\/\/api.w.org\/{rel}","templated":true}]}}